{"id":83,"date":"2024-02-05T20:16:38","date_gmt":"2024-02-05T20:16:38","guid":{"rendered":"https:\/\/aulasdeequitacao.com.br\/home\/?page_id=83"},"modified":"2025-09-11T11:04:41","modified_gmt":"2025-09-11T11:04:41","slug":"aulas-de-equitacao-como-montar-cavalo-preco","status":"publish","type":"page","link":"https:\/\/aulasdeequitacao.com.br\/home\/aulas-de-equitacao-como-montar-cavalo-preco\/","title":{"rendered":"Pre\u00e7o"},"content":{"rendered":"\n<h4>Temos aula avulsa e pacote mensal:<\/h4>\n<h4><strong><span style=\"text-decoration: underline;\">Aula avulsa<\/span>:<\/strong><\/h4>\n<ul>\n<li><span style=\"font-size: 18pt; color: #000000;\">R$ 250,00, se voc\u00ea, ao fazer a aula avulsa, optar por fechar o pacote mensal, essa aula ser\u00e1 abatida.<\/span><\/li>\n<\/ul>\n<h4><span style=\"font-size: 18pt;\"><strong><span style=\"text-decoration: underline;\">Valor da mensalidade<\/span>: <\/strong>R$ 600,00, 4 aulas, 1 por semana (sugest\u00e3o) mas o aluno poder\u00e1 ajustar conforme sua agenda, por\u00e9m nunca mais de uma por dia. Segunda pessoa da fam\u00edlia tem 10% de desconto.<\/span><\/h4>\n<h4><span style=\"font-size: 18pt;\"><strong><span style=\"text-decoration: underline;\">Matricula<\/span>: <\/strong>R$ 300,00, que pode ser dividida em 3<\/span><span style=\"font-size: 18pt;\"> parcelas de R$ 100,00 pagas com a mensalidade.<\/span><\/h4>\n<h4>A matr\u00edcula se aplica para quando o aluno contratar o pacote mensal, possibilitando a flexibilidade de hor\u00e1rios, bem como eventuais aulas adicionais, caso seja necess\u00e1rio.<\/h4>\n<h4>N\u00e3o se aplica no caso de aula avulsa.<\/h4>\n<h4><strong><span style=\"text-decoration: underline;\">Taxa de inscri\u00e7\u00e3o<\/span><\/strong>: R$ 50,00, na primeira vez, ao enviar sua ficha de inscri\u00e7\u00e3o, para reserva do hor\u00e1rio, cavalo, instrutor e material, <span style=\"text-decoration: underline;\"><strong>essa taxa ser\u00e1 abatida do pagamento da aula avulsa ou do pacote mensal<\/strong><\/span>.<\/h4>\n<blockquote>\n<h5 style=\"text-align: center;\"><span style=\"font-size: 18pt;\"><a href=\"https:\/\/aulasdeequitacao.com.br\/home\/como-sao-as-aulas\/\" target=\"_blank\" rel=\"noopener\">Quer saber como s\u00e3o as aulas, clique aqui<\/a><\/span><\/h5>\n<\/blockquote>\n<h4><em>Obs: O pacote de aulas garante ao aluno a possibilidade de flexibilidade no agendamento de dias e hor\u00e1rios no m\u00eas.<\/em><\/h4>\n","protected":false},"excerpt":{"rendered":"<p>Temos aula avulsa e pacote mensal: Aula avulsa: R$ 250,00, se voc\u00ea, ao fazer a aula avulsa, optar por fechar o pacote mensal, essa aula ser\u00e1 &hellip;<\/p>\n","protected":false},"author":2,"featured_media":198,"parent":0,"menu_order":0,"comment_status":"closed","ping_status":"closed","template":"","meta":{"footnotes":""},"class_list":["post-83","page","type-page","status-publish","has-post-thumbnail","hentry"],"yoast_head":"<!-- This site is optimized with the Yoast SEO plugin v27.5 - https:\/\/yoast.com\/product\/yoast-seo-wordpress\/ -->\n<title>Pre\u00e7o - Aulas de equita\u00e7\u00e3o<\/title>\n<meta name=\"description\" content=\"Aulas de equita\u00e7\u00e3o, como montar cavalo, equita\u00e7\u00e3o para iniciantes, t\u00e9cnicas de equita\u00e7\u00e3o, aulas de hipismo, escola de equita\u00e7\u00e3o\" \/>\n<meta name=\"robots\" content=\"index, follow, max-snippet:-1, max-image-preview:large, max-video-preview:-1\" \/>\n<link rel=\"canonical\" href=\"https:\/\/aulasdeequitacao.com.br\/home\/aulas-de-equitacao-como-montar-cavalo-preco\/\" \/>\n<meta property=\"og:locale\" content=\"pt_BR\" \/>\n<meta property=\"og:type\" content=\"article\" \/>\n<meta property=\"og:title\" content=\"Pre\u00e7o - Aulas de equita\u00e7\u00e3o\" \/>\n<meta property=\"og:description\" content=\"Aulas de equita\u00e7\u00e3o, como montar cavalo, equita\u00e7\u00e3o para iniciantes, t\u00e9cnicas de equita\u00e7\u00e3o, aulas de hipismo, escola de equita\u00e7\u00e3o\" \/>\n<meta property=\"og:url\" content=\"https:\/\/aulasdeequitacao.com.br\/home\/aulas-de-equitacao-como-montar-cavalo-preco\/\" \/>\n<meta property=\"og:site_name\" content=\"Aulas de equita\u00e7\u00e3o\" \/>\n<meta property=\"article:publisher\" content=\"https:\/\/www.facebook.com\/thatyaulas\/\" \/>\n<meta property=\"article:modified_time\" content=\"2025-09-11T11:04:41+00:00\" \/>\n<meta property=\"og:image\" content=\"http:\/\/aulasdeequitacao.com.br\/home\/wp-content\/uploads\/2024\/02\/banner.jpg\" \/>\n\t<meta property=\"og:image:width\" content=\"1200\" \/>\n\t<meta property=\"og:image:height\" content=\"628\" \/>\n\t<meta property=\"og:image:type\" content=\"image\/jpeg\" \/>\n<meta name=\"twitter:card\" content=\"summary_large_image\" \/>\n<meta name=\"twitter:site\" content=\"@AulasThatyEquit\" \/>\n<meta name=\"twitter:label1\" content=\"Est. tempo de leitura\" \/>\n\t<meta name=\"twitter:data1\" content=\"2 minutos\" \/>\n<script type=\"application\/ld+json\" class=\"yoast-schema-graph\">{\"@context\":\"https:\\\/\\\/schema.org\",\"@graph\":[{\"@type\":\"WebPage\",\"@id\":\"https:\\\/\\\/aulasdeequitacao.com.br\\\/home\\\/aulas-de-equitacao-como-montar-cavalo-preco\\\/\",\"url\":\"https:\\\/\\\/aulasdeequitacao.com.br\\\/home\\\/aulas-de-equitacao-como-montar-cavalo-preco\\\/\",\"name\":\"Pre\u00e7o - Aulas de equita\u00e7\u00e3o\",\"isPartOf\":{\"@id\":\"https:\\\/\\\/aulasdeequitacao.com.br\\\/home\\\/#website\"},\"primaryImageOfPage\":{\"@id\":\"https:\\\/\\\/aulasdeequitacao.com.br\\\/home\\\/aulas-de-equitacao-como-montar-cavalo-preco\\\/#primaryimage\"},\"image\":{\"@id\":\"https:\\\/\\\/aulasdeequitacao.com.br\\\/home\\\/aulas-de-equitacao-como-montar-cavalo-preco\\\/#primaryimage\"},\"thumbnailUrl\":\"https:\\\/\\\/aulasdeequitacao.com.br\\\/home\\\/wp-content\\\/uploads\\\/2024\\\/02\\\/banner.jpg\",\"datePublished\":\"2024-02-05T20:16:38+00:00\",\"dateModified\":\"2025-09-11T11:04:41+00:00\",\"description\":\"Aulas de equita\u00e7\u00e3o, como montar cavalo, equita\u00e7\u00e3o para iniciantes, t\u00e9cnicas de equita\u00e7\u00e3o, aulas de hipismo, escola de equita\u00e7\u00e3o\",\"inLanguage\":\"pt-BR\",\"potentialAction\":[{\"@type\":\"ReadAction\",\"target\":[\"https:\\\/\\\/aulasdeequitacao.com.br\\\/home\\\/aulas-de-equitacao-como-montar-cavalo-preco\\\/\"]}]},{\"@type\":\"ImageObject\",\"inLanguage\":\"pt-BR\",\"@id\":\"https:\\\/\\\/aulasdeequitacao.com.br\\\/home\\\/aulas-de-equitacao-como-montar-cavalo-preco\\\/#primaryimage\",\"url\":\"https:\\\/\\\/aulasdeequitacao.com.br\\\/home\\\/wp-content\\\/uploads\\\/2024\\\/02\\\/banner.jpg\",\"contentUrl\":\"https:\\\/\\\/aulasdeequitacao.com.br\\\/home\\\/wp-content\\\/uploads\\\/2024\\\/02\\\/banner.jpg\",\"width\":1200,\"height\":628},{\"@type\":\"WebSite\",\"@id\":\"https:\\\/\\\/aulasdeequitacao.com.br\\\/home\\\/#website\",\"url\":\"https:\\\/\\\/aulasdeequitacao.com.br\\\/home\\\/\",\"name\":\"Aulas de equita\u00e7\u00e3o\",\"description\":\"Curso de equita\u00e7\u00e3o: aulas de equita\u00e7\u00e3o, como montar um cavalo, equita\u00e7\u00e3o para iniciantes, t\u00e9cnicas de equita\u00e7\u00e3o, aulas de hipismo e treinamento para competi\u00e7\u00f5es.\",\"publisher\":{\"@id\":\"https:\\\/\\\/aulasdeequitacao.com.br\\\/home\\\/#organization\"},\"potentialAction\":[{\"@type\":\"SearchAction\",\"target\":{\"@type\":\"EntryPoint\",\"urlTemplate\":\"https:\\\/\\\/aulasdeequitacao.com.br\\\/home\\\/?s={search_term_string}\"},\"query-input\":{\"@type\":\"PropertyValueSpecification\",\"valueRequired\":true,\"valueName\":\"search_term_string\"}}],\"inLanguage\":\"pt-BR\"},{\"@type\":\"Organization\",\"@id\":\"https:\\\/\\\/aulasdeequitacao.com.br\\\/home\\\/#organization\",\"name\":\"Aulas de equita\u00e7\u00e3o\",\"url\":\"https:\\\/\\\/aulasdeequitacao.com.br\\\/home\\\/\",\"logo\":{\"@type\":\"ImageObject\",\"inLanguage\":\"pt-BR\",\"@id\":\"https:\\\/\\\/aulasdeequitacao.com.br\\\/home\\\/#\\\/schema\\\/logo\\\/image\\\/\",\"url\":\"https:\\\/\\\/aulasdeequitacao.com.br\\\/home\\\/wp-content\\\/uploads\\\/2024\\\/01\\\/cropped-logo-6.jpeg\",\"contentUrl\":\"https:\\\/\\\/aulasdeequitacao.com.br\\\/home\\\/wp-content\\\/uploads\\\/2024\\\/01\\\/cropped-logo-6.jpeg\",\"width\":512,\"height\":512,\"caption\":\"Aulas de equita\u00e7\u00e3o\"},\"image\":{\"@id\":\"https:\\\/\\\/aulasdeequitacao.com.br\\\/home\\\/#\\\/schema\\\/logo\\\/image\\\/\"},\"sameAs\":[\"https:\\\/\\\/www.facebook.com\\\/thatyaulas\\\/\",\"https:\\\/\\\/x.com\\\/AulasThatyEquit\",\"https:\\\/\\\/www.instagram.com\\\/thatyaulas\\\/\"]}]}<\/script>\n<!-- \/ Yoast SEO plugin. -->","yoast_head_json":{"title":"Pre\u00e7o - Aulas de equita\u00e7\u00e3o","description":"Aulas de equita\u00e7\u00e3o, como montar cavalo, equita\u00e7\u00e3o para iniciantes, t\u00e9cnicas de equita\u00e7\u00e3o, aulas de hipismo, escola de equita\u00e7\u00e3o","robots":{"index":"index","follow":"follow","max-snippet":"max-snippet:-1","max-image-preview":"max-image-preview:large","max-video-preview":"max-video-preview:-1"},"canonical":"https:\/\/aulasdeequitacao.com.br\/home\/aulas-de-equitacao-como-montar-cavalo-preco\/","og_locale":"pt_BR","og_type":"article","og_title":"Pre\u00e7o - Aulas de equita\u00e7\u00e3o","og_description":"Aulas de equita\u00e7\u00e3o, como montar cavalo, equita\u00e7\u00e3o para iniciantes, t\u00e9cnicas de equita\u00e7\u00e3o, aulas de hipismo, escola de equita\u00e7\u00e3o","og_url":"https:\/\/aulasdeequitacao.com.br\/home\/aulas-de-equitacao-como-montar-cavalo-preco\/","og_site_name":"Aulas de equita\u00e7\u00e3o","article_publisher":"https:\/\/www.facebook.com\/thatyaulas\/","article_modified_time":"2025-09-11T11:04:41+00:00","og_image":[{"width":1200,"height":628,"url":"http:\/\/aulasdeequitacao.com.br\/home\/wp-content\/uploads\/2024\/02\/banner.jpg","type":"image\/jpeg"}],"twitter_card":"summary_large_image","twitter_site":"@AulasThatyEquit","twitter_misc":{"Est. tempo de leitura":"2 minutos"},"schema":{"@context":"https:\/\/schema.org","@graph":[{"@type":"WebPage","@id":"https:\/\/aulasdeequitacao.com.br\/home\/aulas-de-equitacao-como-montar-cavalo-preco\/","url":"https:\/\/aulasdeequitacao.com.br\/home\/aulas-de-equitacao-como-montar-cavalo-preco\/","name":"Pre\u00e7o - Aulas de equita\u00e7\u00e3o","isPartOf":{"@id":"https:\/\/aulasdeequitacao.com.br\/home\/#website"},"primaryImageOfPage":{"@id":"https:\/\/aulasdeequitacao.com.br\/home\/aulas-de-equitacao-como-montar-cavalo-preco\/#primaryimage"},"image":{"@id":"https:\/\/aulasdeequitacao.com.br\/home\/aulas-de-equitacao-como-montar-cavalo-preco\/#primaryimage"},"thumbnailUrl":"https:\/\/aulasdeequitacao.com.br\/home\/wp-content\/uploads\/2024\/02\/banner.jpg","datePublished":"2024-02-05T20:16:38+00:00","dateModified":"2025-09-11T11:04:41+00:00","description":"Aulas de equita\u00e7\u00e3o, como montar cavalo, equita\u00e7\u00e3o para iniciantes, t\u00e9cnicas de equita\u00e7\u00e3o, aulas de hipismo, escola de equita\u00e7\u00e3o","inLanguage":"pt-BR","potentialAction":[{"@type":"ReadAction","target":["https:\/\/aulasdeequitacao.com.br\/home\/aulas-de-equitacao-como-montar-cavalo-preco\/"]}]},{"@type":"ImageObject","inLanguage":"pt-BR","@id":"https:\/\/aulasdeequitacao.com.br\/home\/aulas-de-equitacao-como-montar-cavalo-preco\/#primaryimage","url":"https:\/\/aulasdeequitacao.com.br\/home\/wp-content\/uploads\/2024\/02\/banner.jpg","contentUrl":"https:\/\/aulasdeequitacao.com.br\/home\/wp-content\/uploads\/2024\/02\/banner.jpg","width":1200,"height":628},{"@type":"WebSite","@id":"https:\/\/aulasdeequitacao.com.br\/home\/#website","url":"https:\/\/aulasdeequitacao.com.br\/home\/","name":"Aulas de equita\u00e7\u00e3o","description":"Curso de equita\u00e7\u00e3o: aulas de equita\u00e7\u00e3o, como montar um cavalo, equita\u00e7\u00e3o para iniciantes, t\u00e9cnicas de equita\u00e7\u00e3o, aulas de hipismo e treinamento para competi\u00e7\u00f5es.","publisher":{"@id":"https:\/\/aulasdeequitacao.com.br\/home\/#organization"},"potentialAction":[{"@type":"SearchAction","target":{"@type":"EntryPoint","urlTemplate":"https:\/\/aulasdeequitacao.com.br\/home\/?s={search_term_string}"},"query-input":{"@type":"PropertyValueSpecification","valueRequired":true,"valueName":"search_term_string"}}],"inLanguage":"pt-BR"},{"@type":"Organization","@id":"https:\/\/aulasdeequitacao.com.br\/home\/#organization","name":"Aulas de equita\u00e7\u00e3o","url":"https:\/\/aulasdeequitacao.com.br\/home\/","logo":{"@type":"ImageObject","inLanguage":"pt-BR","@id":"https:\/\/aulasdeequitacao.com.br\/home\/#\/schema\/logo\/image\/","url":"https:\/\/aulasdeequitacao.com.br\/home\/wp-content\/uploads\/2024\/01\/cropped-logo-6.jpeg","contentUrl":"https:\/\/aulasdeequitacao.com.br\/home\/wp-content\/uploads\/2024\/01\/cropped-logo-6.jpeg","width":512,"height":512,"caption":"Aulas de equita\u00e7\u00e3o"},"image":{"@id":"https:\/\/aulasdeequitacao.com.br\/home\/#\/schema\/logo\/image\/"},"sameAs":["https:\/\/www.facebook.com\/thatyaulas\/","https:\/\/x.com\/AulasThatyEquit","https:\/\/www.instagram.com\/thatyaulas\/"]}]}},"_links":{"self":[{"href":"https:\/\/aulasdeequitacao.com.br\/home\/wp-json\/wp\/v2\/pages\/83","targetHints":{"allow":["GET"]}}],"collection":[{"href":"https:\/\/aulasdeequitacao.com.br\/home\/wp-json\/wp\/v2\/pages"}],"about":[{"href":"https:\/\/aulasdeequitacao.com.br\/home\/wp-json\/wp\/v2\/types\/page"}],"author":[{"embeddable":true,"href":"https:\/\/aulasdeequitacao.com.br\/home\/wp-json\/wp\/v2\/users\/2"}],"replies":[{"embeddable":true,"href":"https:\/\/aulasdeequitacao.com.br\/home\/wp-json\/wp\/v2\/comments?post=83"}],"version-history":[{"count":29,"href":"https:\/\/aulasdeequitacao.com.br\/home\/wp-json\/wp\/v2\/pages\/83\/revisions"}],"predecessor-version":[{"id":603,"href":"https:\/\/aulasdeequitacao.com.br\/home\/wp-json\/wp\/v2\/pages\/83\/revisions\/603"}],"wp:featuredmedia":[{"embeddable":true,"href":"https:\/\/aulasdeequitacao.com.br\/home\/wp-json\/wp\/v2\/media\/198"}],"wp:attachment":[{"href":"https:\/\/aulasdeequitacao.com.br\/home\/wp-json\/wp\/v2\/media?parent=83"}],"curies":[{"name":"wp","href":"https:\/\/api.w.org\/{rel}","templated":true}]}}