{"id":373,"date":"2024-04-23T14:24:11","date_gmt":"2024-04-23T14:24:11","guid":{"rendered":"https:\/\/aulasdeequitacao.com.br\/home\/?page_id=373"},"modified":"2024-04-23T14:40:47","modified_gmt":"2024-04-23T14:40:47","slug":"news","status":"publish","type":"page","link":"https:\/\/aulasdeequitacao.com.br\/home\/","title":{"rendered":"News"},"content":{"rendered":"\t\t<div data-elementor-type=\"wp-page\" data-elementor-id=\"373\" class=\"elementor elementor-373\">\n\t\t\t\t<div class=\"elementor-element elementor-element-ba2b5b8 e-flex e-con-boxed wpr-particle-no wpr-jarallax-no wpr-parallax-no wpr-sticky-section-no wpr-equal-height-no e-con e-parent\" data-id=\"ba2b5b8\" data-element_type=\"container\" data-e-type=\"container\">\n\t\t\t\t\t<div class=\"e-con-inner\">\n\t\t\t\t<div class=\"elementor-element elementor-element-8657c4c wpr-grid-slider-columns-2 wpr-grid-slider-columns--tablet2 wpr-grid-slider-columns--mobile1 wpr-grid-slider-dots-horizontal wpr-item-styles-inner elementor-widget elementor-widget-wpr-grid\" data-id=\"8657c4c\" data-element_type=\"widget\" data-e-type=\"widget\" data-settings=\"{&quot;layout_slider_amount&quot;:2,&quot;layout_slider_amount_tablet&quot;:2,&quot;layout_slider_amount_mobile&quot;:1,&quot;layout_slides_to_scroll&quot;:1,&quot;layout_slider_loop&quot;:&quot;yes&quot;}\" data-widget_type=\"wpr-grid.default\">\n\t\t\t\t<div class=\"elementor-widget-container\">\n\t\t\t\t\t<section class=\"wpr-grid elementor-clearfix\" dir=\"ltr\" data-slick=\"{&quot;rtl&quot;:false,&quot;infinite&quot;:true,&quot;speed&quot;:700,&quot;arrows&quot;:true,&quot;dots&quot;:true,&quot;autoplay&quot;:false,&quot;autoplaySpeed&quot;:1000,&quot;pauseOnHover&quot;:&quot;&quot;,&quot;prevArrow&quot;:&quot;#wpr-grid-slider-prev-8657c4c&quot;,&quot;nextArrow&quot;:&quot;#wpr-grid-slider-next-8657c4c&quot;,&quot;sliderSlidesToScroll&quot;:1,&quot;lightbox&quot;:{&quot;selector&quot;:&quot;article:not(.slick-cloned) .wpr-grid-image-wrap&quot;,&quot;iframeMaxWidth&quot;:&quot;60%&quot;,&quot;hash&quot;:false,&quot;autoplay&quot;:&quot;true&quot;,&quot;pause&quot;:5000,&quot;progressBar&quot;:&quot;true&quot;,&quot;counter&quot;:&quot;true&quot;,&quot;controls&quot;:&quot;true&quot;,&quot;getCaptionFromTitleOrAlt&quot;:&quot;true&quot;,&quot;thumbnail&quot;:&quot;&quot;,&quot;showThumbByDefault&quot;:&quot;&quot;,&quot;share&quot;:&quot;&quot;,&quot;zoom&quot;:&quot;true&quot;,&quot;fullScreen&quot;:&quot;true&quot;,&quot;download&quot;:&quot;true&quot;}}\"><article class=\"wpr-grid-item elementor-clearfix post-522 post type-post status-publish format-standard has-post-thumbnail hentry category-news tag-competicoes\"><div class=\"wpr-grid-item-inner\"><div class=\"wpr-grid-media-wrap wpr-effect-size-medium \" data-overlay-link=\"yes\"><div class=\"wpr-grid-image-wrap\" data-src=\"https:\/\/aulasdeequitacao.com.br\/home\/wp-content\/uploads\/2024\/12\/IMG-20241215-WA0114-Pequeno.jpg\" data-img-on-hover=\"\"  data-src-secondary=\"https:\/\/aulasdeequitacao.com.br\/home\/wp-content\/uploads\/2024\/05\/IMG-20240514-WA0007-Medio.jpg\"><img decoding=\"async\" data-no-lazy=\"1\" src=\"https:\/\/aulasdeequitacao.com.br\/home\/wp-content\/uploads\/2024\/12\/IMG-20241215-WA0114-Pequeno.jpg\" alt=\"15\/12\/2024 \u2013 Prova e confraterniza\u00e7\u00e3o de final de ano\" class=\"wpr-anim-timing-ease-default\"><\/div><div class=\"wpr-grid-media-hover wpr-animation-wrap\"><div class=\"wpr-grid-media-hover-bg  wpr-overlay-fade-in wpr-anim-size-large wpr-anim-timing-ease-default wpr-anim-transparency\" data-url=\"https:\/\/aulasdeequitacao.com.br\/home\/15-12-2024-prova-e-confraternizacao-de-final-de-ano\/\"><\/div><\/div><\/div><div class=\"wpr-grid-item-below-content elementor-clearfix\"><h2 class=\"wpr-grid-item-title elementor-repeater-item-839f01a wpr-grid-item-display-block wpr-grid-item-align-left wpr-pointer-none wpr-pointer-line-fx wpr-pointer-fx-fade\"><div class=\"inner-block\"><a target=\"_self\"  href=\"https:\/\/aulasdeequitacao.com.br\/home\/15-12-2024-prova-e-confraternizacao-de-final-de-ano\/\">15\/12\/2024 \u2013 Prova e confraterniza\u00e7\u00e3o de final de ano<\/a><\/div><\/h2><div class=\"wpr-grid-item-date elementor-repeater-item-33c3546 wpr-grid-item-display-inline wpr-grid-item-align-left\"><div class=\"inner-block\"><span>17\/12\/2024<span class=\"wpr-grid-extra-text-right\">\/<\/span><\/span><\/div><\/div><div class=\"wpr-grid-item-excerpt elementor-repeater-item-673504e wpr-grid-item-display-block wpr-grid-item-align-left\"><div class=\"inner-block\"><p>Final de ano, prova interna, confraterniza\u00e7\u00e3o, hipismo \u00e9 isso, esporte, fam\u00edlia, integra\u00e7\u00e3o.<\/p><\/div><\/div><div class=\"wpr-grid-item-read-more elementor-repeater-item-b8201ff wpr-grid-item-display-block wpr-grid-item-align-left\"><div class=\"inner-block\"><a target=\"_self\" href=\"https:\/\/aulasdeequitacao.com.br\/home\/15-12-2024-prova-e-confraternizacao-de-final-de-ano\/\" class=\"wpr-button-effect wpr-button-none\"><span>Read More<\/span><\/a><\/div><\/div><\/div><\/div><\/article><article class=\"wpr-grid-item elementor-clearfix post-403 post type-post status-publish format-standard has-post-thumbnail hentry category-news tag-competicoes\"><div class=\"wpr-grid-item-inner\"><div class=\"wpr-grid-media-wrap wpr-effect-size-medium \" data-overlay-link=\"yes\"><div class=\"wpr-grid-image-wrap\" data-src=\"https:\/\/aulasdeequitacao.com.br\/home\/wp-content\/uploads\/2024\/05\/IMG-20240514-WA0006-Medio.jpg\" data-img-on-hover=\"\"  data-src-secondary=\"https:\/\/aulasdeequitacao.com.br\/home\/wp-content\/uploads\/2024\/05\/IMG-20240514-WA0007-Medio.jpg\"><img decoding=\"async\" data-no-lazy=\"1\" src=\"https:\/\/aulasdeequitacao.com.br\/home\/wp-content\/uploads\/2024\/05\/IMG-20240514-WA0006-Medio.jpg\" alt=\"Participar de provas \u00e9 uma motiva\u00e7\u00e3o para quem faz aulas e para as fam\u00edlia, um momento especial e agrad\u00e1vel.\" class=\"wpr-anim-timing-ease-default\"><\/div><div class=\"wpr-grid-media-hover wpr-animation-wrap\"><div class=\"wpr-grid-media-hover-bg  wpr-overlay-fade-in wpr-anim-size-large wpr-anim-timing-ease-default wpr-anim-transparency\" data-url=\"https:\/\/aulasdeequitacao.com.br\/home\/escolinha-participando-das-provas-na-hipica-monte-cristo\/\"><\/div><\/div><\/div><div class=\"wpr-grid-item-below-content elementor-clearfix\"><h2 class=\"wpr-grid-item-title elementor-repeater-item-839f01a wpr-grid-item-display-block wpr-grid-item-align-left wpr-pointer-none wpr-pointer-line-fx wpr-pointer-fx-fade\"><div class=\"inner-block\"><a target=\"_self\"  href=\"https:\/\/aulasdeequitacao.com.br\/home\/escolinha-participando-das-provas-na-hipica-monte-cristo\/\">11\/05\/2024 &#8211; Escolinha participando das provas na H\u00edpica Monte Cristo<\/a><\/div><\/h2><div class=\"wpr-grid-item-date elementor-repeater-item-33c3546 wpr-grid-item-display-inline wpr-grid-item-align-left\"><div class=\"inner-block\"><span>15\/05\/2024<span class=\"wpr-grid-extra-text-right\">\/<\/span><\/span><\/div><\/div><div class=\"wpr-grid-item-excerpt elementor-repeater-item-673504e wpr-grid-item-display-block wpr-grid-item-align-left\"><div class=\"inner-block\"><p>Participar de provas \u00e9 uma motiva\u00e7\u00e3o para quem faz aulas e para as fam\u00edlia, um momento especial e agrad\u00e1vel.<\/p><\/div><\/div><div class=\"wpr-grid-item-read-more elementor-repeater-item-b8201ff wpr-grid-item-display-block wpr-grid-item-align-left\"><div class=\"inner-block\"><a target=\"_self\" href=\"https:\/\/aulasdeequitacao.com.br\/home\/escolinha-participando-das-provas-na-hipica-monte-cristo\/\" class=\"wpr-button-effect wpr-button-none\"><span>Read More<\/span><\/a><\/div><\/div><\/div><\/div><\/article><article class=\"wpr-grid-item elementor-clearfix post-362 post type-post status-publish format-standard has-post-thumbnail hentry category-news tag-competicoes\"><div class=\"wpr-grid-item-inner\"><div class=\"wpr-grid-media-wrap wpr-effect-size-medium \" data-overlay-link=\"yes\"><div class=\"wpr-grid-image-wrap\" data-src=\"https:\/\/aulasdeequitacao.com.br\/home\/wp-content\/uploads\/2024\/04\/DSC_0024-Medio-e1713881184504.jpg\" data-img-on-hover=\"\"  data-src-secondary=\"\"><img decoding=\"async\" data-no-lazy=\"1\" src=\"https:\/\/aulasdeequitacao.com.br\/home\/wp-content\/uploads\/2024\/04\/DSC_0024-Medio-e1713881184504.jpg\" alt=\"Participando de competi\u00e7\u00e3o no Clube H\u00edpico de Santo Amaro\" class=\"wpr-anim-timing-ease-default\"><\/div><div class=\"wpr-grid-media-hover wpr-animation-wrap\"><div class=\"wpr-grid-media-hover-bg  wpr-overlay-fade-in wpr-anim-size-large wpr-anim-timing-ease-default wpr-anim-transparency\" data-url=\"https:\/\/aulasdeequitacao.com.br\/home\/participando-de-competicao-no-chsa\/\"><\/div><\/div><\/div><div class=\"wpr-grid-item-below-content elementor-clearfix\"><h2 class=\"wpr-grid-item-title elementor-repeater-item-839f01a wpr-grid-item-display-block wpr-grid-item-align-left wpr-pointer-none wpr-pointer-line-fx wpr-pointer-fx-fade\"><div class=\"inner-block\"><a target=\"_self\"  href=\"https:\/\/aulasdeequitacao.com.br\/home\/participando-de-competicao-no-chsa\/\">Participando de competi\u00e7\u00e3o no Clube H\u00edpico de Santo Amaro<\/a><\/div><\/h2><div class=\"wpr-grid-item-date elementor-repeater-item-33c3546 wpr-grid-item-display-inline wpr-grid-item-align-left\"><div class=\"inner-block\"><span>23\/04\/2024<span class=\"wpr-grid-extra-text-right\">\/<\/span><\/span><\/div><\/div><div class=\"wpr-grid-item-excerpt elementor-repeater-item-673504e wpr-grid-item-display-block wpr-grid-item-align-left\"><div class=\"inner-block\"><p>N\u00e3o basta apenas frequentar aulas, \u00e9 importante tamb\u00e9m ter momentos de divers\u00e3o e participar de competi\u00e7\u00f5es, pois isso motiva n\u00e3o...<\/p><\/div><\/div><div class=\"wpr-grid-item-read-more elementor-repeater-item-b8201ff wpr-grid-item-display-block wpr-grid-item-align-left\"><div class=\"inner-block\"><a target=\"_self\" href=\"https:\/\/aulasdeequitacao.com.br\/home\/participando-de-competicao-no-chsa\/\" class=\"wpr-button-effect wpr-button-none\"><span>Read More<\/span><\/a><\/div><\/div><\/div><\/div><\/article><\/section><div class=\"wpr-grid-slider-arrow-container\"><div class=\"wpr-grid-slider-prev-arrow wpr-grid-slider-arrow\" id=\"wpr-grid-slider-prev-8657c4c\"><svg version=\"1.1\" xmlns=\"http:\/\/www.w3.org\/2000\/svg\" xmlns:xlink=\"http:\/\/www.w3.org\/1999\/xlink\" x=\"0px\" y=\"0px\" viewBox=\"0 0 283.4 512\" style=\"enable-background:new 0 0 283.4 512;\" xml:space=\"preserve\"><g><polygon class=\"st0\" points=\"54.5,256.3 283.4,485.1 256.1,512.5 0,256.3 0,256.3 27.2,229 256.1,0 283.4,27.4 \"\/><\/g><\/svg><\/div><div class=\"wpr-grid-slider-next-arrow wpr-grid-slider-arrow\" id=\"wpr-grid-slider-next-8657c4c\"><svg version=\"1.1\" xmlns=\"http:\/\/www.w3.org\/2000\/svg\" xmlns:xlink=\"http:\/\/www.w3.org\/1999\/xlink\" x=\"0px\" y=\"0px\" viewBox=\"0 0 283.4 512\" style=\"enable-background:new 0 0 283.4 512;\" xml:space=\"preserve\"><g><polygon class=\"st0\" points=\"54.5,256.3 283.4,485.1 256.1,512.5 0,256.3 0,256.3 27.2,229 256.1,0 283.4,27.4 \"\/><\/g><\/svg><\/div><\/div><div class=\"wpr-grid-slider-dots\"><\/div>\t\t\t\t<\/div>\n\t\t\t\t<\/div>\n\t\t\t\t\t<\/div>\n\t\t\t\t<\/div>\n\t\t\t\t<\/div>\n\t\t","protected":false},"excerpt":{"rendered":"<p>Participando de competi\u00e7\u00e3o no Clube H\u00edpico de Santo Amaro 23\/04\/2024\/ N\u00e3o basta apenas frequentar aulas, \u00e9 importante tamb\u00e9m ter momentos de divers\u00e3o e participar de competi\u00e7\u00f5es, &hellip;<\/p>\n","protected":false},"author":2,"featured_media":0,"parent":0,"menu_order":0,"comment_status":"closed","ping_status":"closed","template":"","meta":{"footnotes":""},"class_list":["post-373","page","type-page","status-publish","hentry"],"yoast_head":"<!-- This site is optimized with the Yoast SEO plugin v27.3 - https:\/\/yoast.com\/product\/yoast-seo-wordpress\/ -->\n<title>News - Aulas de equita\u00e7\u00e3o<\/title>\n<meta name=\"robots\" content=\"index, follow, max-snippet:-1, max-image-preview:large, max-video-preview:-1\" \/>\n<link rel=\"canonical\" href=\"https:\/\/aulasdeequitacao.com.br\/home\/\" \/>\n<meta property=\"og:locale\" content=\"pt_BR\" \/>\n<meta property=\"og:type\" content=\"article\" \/>\n<meta property=\"og:title\" content=\"News - Aulas de equita\u00e7\u00e3o\" \/>\n<meta property=\"og:description\" content=\"Participando de competi\u00e7\u00e3o no Clube H\u00edpico de Santo Amaro 23\/04\/2024\/ N\u00e3o basta apenas frequentar aulas, \u00e9 importante tamb\u00e9m ter momentos de divers\u00e3o e participar de competi\u00e7\u00f5es, &hellip;\" \/>\n<meta property=\"og:url\" content=\"https:\/\/aulasdeequitacao.com.br\/home\/\" \/>\n<meta property=\"og:site_name\" content=\"Aulas de equita\u00e7\u00e3o\" \/>\n<meta property=\"article:publisher\" content=\"https:\/\/www.facebook.com\/thatyaulas\/\" \/>\n<meta property=\"article:modified_time\" content=\"2024-04-23T14:40:47+00:00\" \/>\n<meta property=\"og:image\" content=\"https:\/\/aulasdeequitacao.com.br\/home\/wp-content\/uploads\/2024\/04\/DSC_0024-Medio-e1713881184504.jpg\" \/>\n<meta name=\"twitter:card\" content=\"summary_large_image\" \/>\n<meta name=\"twitter:site\" content=\"@AulasThatyEquit\" \/>\n<meta name=\"twitter:label1\" content=\"Est. tempo de leitura\" \/>\n\t<meta name=\"twitter:data1\" content=\"1 minuto\" \/>\n<script type=\"application\/ld+json\" class=\"yoast-schema-graph\">{\"@context\":\"https:\\\/\\\/schema.org\",\"@graph\":[{\"@type\":\"WebPage\",\"@id\":\"https:\\\/\\\/aulasdeequitacao.com.br\\\/home\\\/\",\"url\":\"https:\\\/\\\/aulasdeequitacao.com.br\\\/home\\\/\",\"name\":\"News - Aulas de equita\u00e7\u00e3o\",\"isPartOf\":{\"@id\":\"https:\\\/\\\/aulasdeequitacao.com.br\\\/home\\\/#website\"},\"primaryImageOfPage\":{\"@id\":\"https:\\\/\\\/aulasdeequitacao.com.br\\\/home\\\/#primaryimage\"},\"image\":{\"@id\":\"https:\\\/\\\/aulasdeequitacao.com.br\\\/home\\\/#primaryimage\"},\"thumbnailUrl\":\"https:\\\/\\\/aulasdeequitacao.com.br\\\/home\\\/wp-content\\\/uploads\\\/2024\\\/04\\\/DSC_0024-Medio-e1713881184504.jpg\",\"datePublished\":\"2024-04-23T14:24:11+00:00\",\"dateModified\":\"2024-04-23T14:40:47+00:00\",\"inLanguage\":\"pt-BR\",\"potentialAction\":[{\"@type\":\"ReadAction\",\"target\":[\"https:\\\/\\\/aulasdeequitacao.com.br\\\/home\\\/\"]}]},{\"@type\":\"ImageObject\",\"inLanguage\":\"pt-BR\",\"@id\":\"https:\\\/\\\/aulasdeequitacao.com.br\\\/home\\\/#primaryimage\",\"url\":\"https:\\\/\\\/aulasdeequitacao.com.br\\\/home\\\/wp-content\\\/uploads\\\/2024\\\/04\\\/DSC_0024-Medio-e1713881184504.jpg\",\"contentUrl\":\"https:\\\/\\\/aulasdeequitacao.com.br\\\/home\\\/wp-content\\\/uploads\\\/2024\\\/04\\\/DSC_0024-Medio-e1713881184504.jpg\",\"width\":1152,\"height\":324},{\"@type\":\"WebSite\",\"@id\":\"https:\\\/\\\/aulasdeequitacao.com.br\\\/home\\\/#website\",\"url\":\"https:\\\/\\\/aulasdeequitacao.com.br\\\/home\\\/\",\"name\":\"Aulas de equita\u00e7\u00e3o\",\"description\":\"Curso de equita\u00e7\u00e3o: aulas de equita\u00e7\u00e3o, como montar um cavalo, equita\u00e7\u00e3o para iniciantes, t\u00e9cnicas de equita\u00e7\u00e3o, aulas de hipismo e treinamento para competi\u00e7\u00f5es.\",\"publisher\":{\"@id\":\"https:\\\/\\\/aulasdeequitacao.com.br\\\/home\\\/#organization\"},\"potentialAction\":[{\"@type\":\"SearchAction\",\"target\":{\"@type\":\"EntryPoint\",\"urlTemplate\":\"https:\\\/\\\/aulasdeequitacao.com.br\\\/home\\\/?s={search_term_string}\"},\"query-input\":{\"@type\":\"PropertyValueSpecification\",\"valueRequired\":true,\"valueName\":\"search_term_string\"}}],\"inLanguage\":\"pt-BR\"},{\"@type\":\"Organization\",\"@id\":\"https:\\\/\\\/aulasdeequitacao.com.br\\\/home\\\/#organization\",\"name\":\"Aulas de equita\u00e7\u00e3o\",\"url\":\"https:\\\/\\\/aulasdeequitacao.com.br\\\/home\\\/\",\"logo\":{\"@type\":\"ImageObject\",\"inLanguage\":\"pt-BR\",\"@id\":\"https:\\\/\\\/aulasdeequitacao.com.br\\\/home\\\/#\\\/schema\\\/logo\\\/image\\\/\",\"url\":\"https:\\\/\\\/aulasdeequitacao.com.br\\\/home\\\/wp-content\\\/uploads\\\/2024\\\/01\\\/cropped-logo-6.jpeg\",\"contentUrl\":\"https:\\\/\\\/aulasdeequitacao.com.br\\\/home\\\/wp-content\\\/uploads\\\/2024\\\/01\\\/cropped-logo-6.jpeg\",\"width\":512,\"height\":512,\"caption\":\"Aulas de equita\u00e7\u00e3o\"},\"image\":{\"@id\":\"https:\\\/\\\/aulasdeequitacao.com.br\\\/home\\\/#\\\/schema\\\/logo\\\/image\\\/\"},\"sameAs\":[\"https:\\\/\\\/www.facebook.com\\\/thatyaulas\\\/\",\"https:\\\/\\\/x.com\\\/AulasThatyEquit\",\"https:\\\/\\\/www.instagram.com\\\/thatyaulas\\\/\"]}]}<\/script>\n<!-- \/ Yoast SEO plugin. -->","yoast_head_json":{"title":"News - Aulas de equita\u00e7\u00e3o","robots":{"index":"index","follow":"follow","max-snippet":"max-snippet:-1","max-image-preview":"max-image-preview:large","max-video-preview":"max-video-preview:-1"},"canonical":"https:\/\/aulasdeequitacao.com.br\/home\/","og_locale":"pt_BR","og_type":"article","og_title":"News - Aulas de equita\u00e7\u00e3o","og_description":"Participando de competi\u00e7\u00e3o no Clube H\u00edpico de Santo Amaro 23\/04\/2024\/ N\u00e3o basta apenas frequentar aulas, \u00e9 importante tamb\u00e9m ter momentos de divers\u00e3o e participar de competi\u00e7\u00f5es, &hellip;","og_url":"https:\/\/aulasdeequitacao.com.br\/home\/","og_site_name":"Aulas de equita\u00e7\u00e3o","article_publisher":"https:\/\/www.facebook.com\/thatyaulas\/","article_modified_time":"2024-04-23T14:40:47+00:00","og_image":[{"url":"https:\/\/aulasdeequitacao.com.br\/home\/wp-content\/uploads\/2024\/04\/DSC_0024-Medio-e1713881184504.jpg","type":"","width":"","height":""}],"twitter_card":"summary_large_image","twitter_site":"@AulasThatyEquit","twitter_misc":{"Est. tempo de leitura":"1 minuto"},"schema":{"@context":"https:\/\/schema.org","@graph":[{"@type":"WebPage","@id":"https:\/\/aulasdeequitacao.com.br\/home\/","url":"https:\/\/aulasdeequitacao.com.br\/home\/","name":"News - Aulas de equita\u00e7\u00e3o","isPartOf":{"@id":"https:\/\/aulasdeequitacao.com.br\/home\/#website"},"primaryImageOfPage":{"@id":"https:\/\/aulasdeequitacao.com.br\/home\/#primaryimage"},"image":{"@id":"https:\/\/aulasdeequitacao.com.br\/home\/#primaryimage"},"thumbnailUrl":"https:\/\/aulasdeequitacao.com.br\/home\/wp-content\/uploads\/2024\/04\/DSC_0024-Medio-e1713881184504.jpg","datePublished":"2024-04-23T14:24:11+00:00","dateModified":"2024-04-23T14:40:47+00:00","inLanguage":"pt-BR","potentialAction":[{"@type":"ReadAction","target":["https:\/\/aulasdeequitacao.com.br\/home\/"]}]},{"@type":"ImageObject","inLanguage":"pt-BR","@id":"https:\/\/aulasdeequitacao.com.br\/home\/#primaryimage","url":"https:\/\/aulasdeequitacao.com.br\/home\/wp-content\/uploads\/2024\/04\/DSC_0024-Medio-e1713881184504.jpg","contentUrl":"https:\/\/aulasdeequitacao.com.br\/home\/wp-content\/uploads\/2024\/04\/DSC_0024-Medio-e1713881184504.jpg","width":1152,"height":324},{"@type":"WebSite","@id":"https:\/\/aulasdeequitacao.com.br\/home\/#website","url":"https:\/\/aulasdeequitacao.com.br\/home\/","name":"Aulas de equita\u00e7\u00e3o","description":"Curso de equita\u00e7\u00e3o: aulas de equita\u00e7\u00e3o, como montar um cavalo, equita\u00e7\u00e3o para iniciantes, t\u00e9cnicas de equita\u00e7\u00e3o, aulas de hipismo e treinamento para competi\u00e7\u00f5es.","publisher":{"@id":"https:\/\/aulasdeequitacao.com.br\/home\/#organization"},"potentialAction":[{"@type":"SearchAction","target":{"@type":"EntryPoint","urlTemplate":"https:\/\/aulasdeequitacao.com.br\/home\/?s={search_term_string}"},"query-input":{"@type":"PropertyValueSpecification","valueRequired":true,"valueName":"search_term_string"}}],"inLanguage":"pt-BR"},{"@type":"Organization","@id":"https:\/\/aulasdeequitacao.com.br\/home\/#organization","name":"Aulas de equita\u00e7\u00e3o","url":"https:\/\/aulasdeequitacao.com.br\/home\/","logo":{"@type":"ImageObject","inLanguage":"pt-BR","@id":"https:\/\/aulasdeequitacao.com.br\/home\/#\/schema\/logo\/image\/","url":"https:\/\/aulasdeequitacao.com.br\/home\/wp-content\/uploads\/2024\/01\/cropped-logo-6.jpeg","contentUrl":"https:\/\/aulasdeequitacao.com.br\/home\/wp-content\/uploads\/2024\/01\/cropped-logo-6.jpeg","width":512,"height":512,"caption":"Aulas de equita\u00e7\u00e3o"},"image":{"@id":"https:\/\/aulasdeequitacao.com.br\/home\/#\/schema\/logo\/image\/"},"sameAs":["https:\/\/www.facebook.com\/thatyaulas\/","https:\/\/x.com\/AulasThatyEquit","https:\/\/www.instagram.com\/thatyaulas\/"]}]}},"_links":{"self":[{"href":"https:\/\/aulasdeequitacao.com.br\/home\/wp-json\/wp\/v2\/pages\/373","targetHints":{"allow":["GET"]}}],"collection":[{"href":"https:\/\/aulasdeequitacao.com.br\/home\/wp-json\/wp\/v2\/pages"}],"about":[{"href":"https:\/\/aulasdeequitacao.com.br\/home\/wp-json\/wp\/v2\/types\/page"}],"author":[{"embeddable":true,"href":"https:\/\/aulasdeequitacao.com.br\/home\/wp-json\/wp\/v2\/users\/2"}],"replies":[{"embeddable":true,"href":"https:\/\/aulasdeequitacao.com.br\/home\/wp-json\/wp\/v2\/comments?post=373"}],"version-history":[{"count":3,"href":"https:\/\/aulasdeequitacao.com.br\/home\/wp-json\/wp\/v2\/pages\/373\/revisions"}],"predecessor-version":[{"id":379,"href":"https:\/\/aulasdeequitacao.com.br\/home\/wp-json\/wp\/v2\/pages\/373\/revisions\/379"}],"wp:attachment":[{"href":"https:\/\/aulasdeequitacao.com.br\/home\/wp-json\/wp\/v2\/media?parent=373"}],"curies":[{"name":"wp","href":"https:\/\/api.w.org\/{rel}","templated":true}]}}