{"id":31,"date":"2024-01-26T19:08:50","date_gmt":"2024-01-26T19:08:50","guid":{"rendered":"https:\/\/aulasdeequitacao.com.br\/home\/?page_id=31"},"modified":"2024-02-16T14:37:58","modified_gmt":"2024-02-16T14:37:58","slug":"como-decidir-onde-fazer-aulas-de-equitacao","status":"publish","type":"page","link":"https:\/\/aulasdeequitacao.com.br\/home\/como-decidir-onde-fazer-aulas-de-equitacao\/","title":{"rendered":"Dicas de como escolher a escola"},"content":{"rendered":"<p><span id=\"speechify-first-word-listening-nudge-2\" style=\"font-size: 14pt;\"><span id=\"speechify-first-word-listening-nudge-4\"><span id=\"speechify-first-word-listening-nudge-root-6\" style=\"position: absolute; z-index: 10000;\"><\/span><span id=\"speechify-first-word-listening-nudge-6\">Primeiramente, n\u00e3o \u00e9<\/span> necess\u00e1rio possuir um cavalo, e as aulas de equita\u00e7\u00e3o t\u00eam um pre\u00e7o que varia conforme diversos fatores: instrutor, local, cavalo, cidade, dura\u00e7\u00e3o. Ou seja, h\u00e1 muitos pontos a considerar ao aprender a montar.<\/span><\/span><\/p>\n<p><span style=\"font-size: 14pt;\"><span id=\"speechify-first-word-listening-nudge-root-7\" style=\"position: absolute; z-index: 10000;\"><\/span><span id=\"speechify-first-word-listening-nudge-7\">No custo da<\/span> aula, \u00e9 necess\u00e1rio avaliar todos os aspectos e verificar se o que est\u00e1 sendo oferecido est\u00e1 de acordo com o pre\u00e7o.<\/span><\/p>\n<h4><span id=\"speechify-first-word-listening-nudge-3\"><span id=\"speechify-first-word-listening-nudge-8\">Instrutor<\/span><\/span><\/h4>\n<p><span style=\"font-size: 14pt;\"><span id=\"speechify-first-word-listening-nudge-root-9\" style=\"position: absolute; z-index: 10000;\"><\/span><span id=\"speechify-first-word-listening-nudge-9\">Poucas pessoas que<\/span> procuram aprender a montar pesquisam sobre o instrutor ou coordenador da escola. Infelizmente, nos dias de hoje, h\u00e1 muitas pessoas n\u00e3o qualificadas que se dizem &#8220;professoras de hipismo&#8221;.<\/span><\/p>\n<p><span style=\"font-size: 14pt;\"><span id=\"speechify-first-word-listening-nudge-root-7\" style=\"position: absolute; z-index: 10000;\"><\/span><span id=\"speechify-first-word-listening-nudge-root-10\" style=\"position: absolute; z-index: 10000;\"><\/span><span id=\"speechify-first-word-listening-nudge-10\">Claro que para<\/span> iniciantes n\u00e3o \u00e9 necess\u00e1rio um &#8220;mestre&#8221;, mas sim algu\u00e9m competente, bem supervisionado. Se o objetivo \u00e9 somente aprender a montar e conhecer as t\u00e9cnicas b\u00e1sicas, aqui \u00e9 um limite satisfat\u00f3rio. \u00c0 medida que se evolui, o n\u00edvel do instrutor evolui junto e o valor do investimento tamb\u00e9m.<br \/>\n<\/span><\/p>\n<p><span style=\"font-size: 14pt;\"><span id=\"speechify-first-word-listening-nudge-root-11\" style=\"position: absolute; z-index: 10000;\"><\/span><span id=\"speechify-first-word-listening-nudge-11\">Para algumas pessoas,<\/span> esse instrutor precisa ser um pouco mais preparado, por exemplo para lidar com crian\u00e7as, idosos ou pessoas com necessidades especiais. \u00c9 importante que esse instrutor tamb\u00e9m tenha forma\u00e7\u00e3o ou fa\u00e7a algum trabalho espec\u00edfico para poder atuar com essas pessoas.<\/span><\/p>\n<p><span style=\"font-size: 14pt;\"><span id=\"speechify-first-word-listening-nudge-root-12\" style=\"position: absolute; z-index: 10000;\"><\/span><span id=\"speechify-first-word-listening-nudge-12\">Portanto, pergunte sobre<\/span> a vida do instrutor ou coordenador da escolinha, se j\u00e1 competiu, se se mant\u00e9m atualizado, se v\u00ea provas, se l\u00ea sobre o tema. Em resumo, pergunte sobre a experi\u00eancia e o envolvimento dele com o assunto.<\/span><\/p>\n<h4>Local<\/h4>\n<div class=\"speechify-ipvczq\">\n<p><span style=\"font-size: 14pt;\">O local tamb\u00e9m \u00e9 importante. Por exemplo, a qualidade da pista onde a aula ser\u00e1 ministrada, com piso macio, sem pedras ou objetos, e sem movimento que possa assustar o cavalo. Al\u00e9m disso, \u00e9 importante que a \u00e1rea esteja totalmente cercada, proporcionando maior seguran\u00e7a durante a aula.<\/span><\/p>\n<p><span style=\"font-size: 14pt;\">O ambiente tamb\u00e9m faz diferen\u00e7a. Aulas em clubes bem organizados e bem localizados, com espa\u00e7o e infraestrutura adequados, costumam ser mais caras. J\u00e1 as h\u00edpicas menores e mais distantes geralmente oferecem pre\u00e7os mais atrativos.<\/span><\/p>\n<p><span style=\"font-size: 14pt;\">Em geral, h\u00edpicas e clubes localizados em \u00e1reas centrais tendem a ser mais caros devido ao custo do espa\u00e7o e \u00e0 facilidade de acesso. Por outro lado, os estabelecimentos mais distantes costumam oferecer pre\u00e7os mais acess\u00edveis.<\/span><\/p>\n<\/div>\n<h4><span id=\"speechify-first-word-listening-nudge-12\"><span id=\"speechify-first-word-listening-nudge-17\">Cavalo<\/span><\/span><\/h4>\n<div class=\"speechify-ipvczq\">\n<p><span style=\"font-size: 14pt;\">A qualidade da aula, bem como a seguran\u00e7a, depende da qualidade dos cavalos.<\/span><\/p>\n<p><span style=\"font-size: 14pt;\">O cavalo precisa ser adequado ao aluno. Em geral, \u00e9 preciso considerar as caracter\u00edsticas de cada pessoa, como medo, ousadia e necessidades. Portanto, n\u00e3o adianta fazer aula em um local que s\u00f3 tem cavalos &#8220;nervosos&#8221; ou em locais onde os cavalos n\u00e3o t\u00eam &#8220;motiva\u00e7\u00e3o&#8221; nem disposi\u00e7\u00e3o para andar.<\/span><\/p>\n<p><span style=\"font-size: 14pt;\">Um cavalo n\u00e3o \u00e9 usado o dia todo; ele participa no m\u00e1ximo de 4 aulas de 50 minutos, com intervalo. Isso depende do n\u00edvel da aula. Se for uma aula com muito trote, galope, ou dependendo do esporte, como salto ou tambor, ele participar\u00e1 de apenas uma aula no dia, pois ele precisa se recuperar.<\/span><\/p>\n<p><span style=\"font-size: 14pt;\">\u00c9 importante entender que n\u00e3o \u00e9 o tamanho do cavalo que faz a diferen\u00e7a, mas sim o temperamento. A \u00fanica exce\u00e7\u00e3o \u00e9 para pessoas muito acima do peso.<\/span><\/p>\n<\/div>\n<h4><span id=\"speechify-first-word-listening-nudge-17\"><span id=\"speechify-first-word-listening-nudge-24\">Cidade<\/span><\/span><\/h4>\n<p><span style=\"font-size: 14pt;\"><span id=\"speechify-first-word-listening-nudge-root-18\"><\/span><span id=\"speechify-first-word-listening-nudge-18\"><span id=\"speechify-first-word-listening-nudge-root-25\" style=\"position: absolute; z-index: 10000;\"><\/span>O pre\u00e7o da aula varia de cidade para cidade e de estado para estado. Basicamente, o que deve ser considerado \u00e9 o custo do espa\u00e7o e o custo dos profissionais. Nas grandes capitais, geralmente o valor \u00e9 mais alto do que em pequenas cidades, devido \u00e0 l\u00f3gica do custo de vida da regi\u00e3o.<br \/>\n<\/span><\/span><\/p>\n<h4><span id=\"speechify-first-word-listening-nudge-19\"><span id=\"speechify-first-word-listening-nudge-26\">Dura\u00e7\u00e3o da aula<\/span><\/span><\/h4>\n<p><span style=\"font-size: 14pt;\">Em geral, uma aula tem a dura\u00e7\u00e3o de 50 minutos, variando 10 minutos a mais ou a menos.<\/span><\/p>\n<p><span style=\"font-size: 14pt;\">Com 50 minutos bem estruturados, \u00e9 um tremendo exerc\u00edcio. Pode ter certeza de que no in\u00edcio, a dor vai aparecer no dia seguinte.<\/span><\/p>\n<h4>Seguran\u00e7a<\/h4>\n<p><span style=\"font-size: 14pt;\">Uso obrigat\u00f3rio de capacete e desej\u00e1vel o uso de colete, nunca monte sem capacete. Inicialmente, o local deve ser obrigado a fornecer, no m\u00ednimo, o capacete para quem vai iniciar, e \u00e9 desej\u00e1vel que esse local forne\u00e7a um colete de prote\u00e7\u00e3o para as crian\u00e7as.<\/span><\/p>\n<p><span style=\"font-size: 18pt;\">Ps: Desconfie quando o pre\u00e7o \u00e9 bem mais barato que nos outros lugares, das duas uma, ou os animais s\u00e3o usados muito mais do que o adequado ou os instrutores n\u00e3o tem forma\u00e7\u00e3o adequada.<\/span><\/p>\n","protected":false},"excerpt":{"rendered":"<p>Primeiramente, n\u00e3o \u00e9 necess\u00e1rio possuir um cavalo, e as aulas de equita\u00e7\u00e3o t\u00eam um pre\u00e7o que varia conforme diversos fatores: instrutor, local, cavalo, cidade, dura\u00e7\u00e3o. Ou &hellip;<\/p>\n","protected":false},"author":2,"featured_media":37,"parent":0,"menu_order":0,"comment_status":"closed","ping_status":"closed","template":"","meta":{"footnotes":""},"class_list":["post-31","page","type-page","status-publish","has-post-thumbnail","hentry"],"yoast_head":"<!-- This site is optimized with the Yoast SEO plugin v27.3 - https:\/\/yoast.com\/product\/yoast-seo-wordpress\/ -->\n<title>Dicas de como escolher a escola - Aulas de equita\u00e7\u00e3o<\/title>\n<meta name=\"description\" content=\"As aulas de equita\u00e7\u00e3o t\u00eam um pre\u00e7o que varia conforme diversos fatores: instrutor, local, cavalo, cidade, dura\u00e7\u00e3o, veja mais dicas aqui...\" \/>\n<meta name=\"robots\" content=\"index, follow, max-snippet:-1, max-image-preview:large, max-video-preview:-1\" \/>\n<link rel=\"canonical\" href=\"https:\/\/aulasdeequitacao.com.br\/home\/como-decidir-onde-fazer-aulas-de-equitacao\/\" \/>\n<meta property=\"og:locale\" content=\"pt_BR\" \/>\n<meta property=\"og:type\" content=\"article\" \/>\n<meta property=\"og:title\" content=\"Dicas de como escolher a escola - Aulas de equita\u00e7\u00e3o\" \/>\n<meta property=\"og:description\" content=\"As aulas de equita\u00e7\u00e3o t\u00eam um pre\u00e7o que varia conforme diversos fatores: instrutor, local, cavalo, cidade, dura\u00e7\u00e3o, veja mais dicas aqui...\" \/>\n<meta property=\"og:url\" content=\"https:\/\/aulasdeequitacao.com.br\/home\/como-decidir-onde-fazer-aulas-de-equitacao\/\" \/>\n<meta property=\"og:site_name\" content=\"Aulas de equita\u00e7\u00e3o\" \/>\n<meta property=\"article:publisher\" content=\"https:\/\/www.facebook.com\/thatyaulas\/\" \/>\n<meta property=\"article:modified_time\" content=\"2024-02-16T14:37:58+00:00\" \/>\n<meta property=\"og:image\" content=\"https:\/\/aulasdeequitacao.com.br\/home\/wp-content\/uploads\/2024\/01\/DSC_0113-2-Grande.jpg\" \/>\n\t<meta property=\"og:image:width\" content=\"1620\" \/>\n\t<meta property=\"og:image:height\" content=\"1080\" \/>\n\t<meta property=\"og:image:type\" content=\"image\/jpeg\" \/>\n<meta name=\"twitter:card\" content=\"summary_large_image\" \/>\n<meta name=\"twitter:site\" content=\"@AulasThatyEquit\" \/>\n<meta name=\"twitter:label1\" content=\"Est. tempo de leitura\" \/>\n\t<meta name=\"twitter:data1\" content=\"4 minutos\" \/>\n<script type=\"application\/ld+json\" class=\"yoast-schema-graph\">{\"@context\":\"https:\\\/\\\/schema.org\",\"@graph\":[{\"@type\":\"WebPage\",\"@id\":\"https:\\\/\\\/aulasdeequitacao.com.br\\\/home\\\/como-decidir-onde-fazer-aulas-de-equitacao\\\/\",\"url\":\"https:\\\/\\\/aulasdeequitacao.com.br\\\/home\\\/como-decidir-onde-fazer-aulas-de-equitacao\\\/\",\"name\":\"Dicas de como escolher a escola - Aulas de equita\u00e7\u00e3o\",\"isPartOf\":{\"@id\":\"https:\\\/\\\/aulasdeequitacao.com.br\\\/home\\\/#website\"},\"primaryImageOfPage\":{\"@id\":\"https:\\\/\\\/aulasdeequitacao.com.br\\\/home\\\/como-decidir-onde-fazer-aulas-de-equitacao\\\/#primaryimage\"},\"image\":{\"@id\":\"https:\\\/\\\/aulasdeequitacao.com.br\\\/home\\\/como-decidir-onde-fazer-aulas-de-equitacao\\\/#primaryimage\"},\"thumbnailUrl\":\"https:\\\/\\\/aulasdeequitacao.com.br\\\/home\\\/wp-content\\\/uploads\\\/2024\\\/01\\\/DSC_0113-2-Grande.jpg\",\"datePublished\":\"2024-01-26T19:08:50+00:00\",\"dateModified\":\"2024-02-16T14:37:58+00:00\",\"description\":\"As aulas de equita\u00e7\u00e3o t\u00eam um pre\u00e7o que varia conforme diversos fatores: instrutor, local, cavalo, cidade, dura\u00e7\u00e3o, veja mais dicas aqui...\",\"inLanguage\":\"pt-BR\",\"potentialAction\":[{\"@type\":\"ReadAction\",\"target\":[\"https:\\\/\\\/aulasdeequitacao.com.br\\\/home\\\/como-decidir-onde-fazer-aulas-de-equitacao\\\/\"]}]},{\"@type\":\"ImageObject\",\"inLanguage\":\"pt-BR\",\"@id\":\"https:\\\/\\\/aulasdeequitacao.com.br\\\/home\\\/como-decidir-onde-fazer-aulas-de-equitacao\\\/#primaryimage\",\"url\":\"https:\\\/\\\/aulasdeequitacao.com.br\\\/home\\\/wp-content\\\/uploads\\\/2024\\\/01\\\/DSC_0113-2-Grande.jpg\",\"contentUrl\":\"https:\\\/\\\/aulasdeequitacao.com.br\\\/home\\\/wp-content\\\/uploads\\\/2024\\\/01\\\/DSC_0113-2-Grande.jpg\",\"width\":1620,\"height\":1080},{\"@type\":\"WebSite\",\"@id\":\"https:\\\/\\\/aulasdeequitacao.com.br\\\/home\\\/#website\",\"url\":\"https:\\\/\\\/aulasdeequitacao.com.br\\\/home\\\/\",\"name\":\"Aulas de equita\u00e7\u00e3o\",\"description\":\"Curso de equita\u00e7\u00e3o: aulas de equita\u00e7\u00e3o, como montar um cavalo, equita\u00e7\u00e3o para iniciantes, t\u00e9cnicas de equita\u00e7\u00e3o, aulas de hipismo e treinamento para competi\u00e7\u00f5es.\",\"publisher\":{\"@id\":\"https:\\\/\\\/aulasdeequitacao.com.br\\\/home\\\/#organization\"},\"potentialAction\":[{\"@type\":\"SearchAction\",\"target\":{\"@type\":\"EntryPoint\",\"urlTemplate\":\"https:\\\/\\\/aulasdeequitacao.com.br\\\/home\\\/?s={search_term_string}\"},\"query-input\":{\"@type\":\"PropertyValueSpecification\",\"valueRequired\":true,\"valueName\":\"search_term_string\"}}],\"inLanguage\":\"pt-BR\"},{\"@type\":\"Organization\",\"@id\":\"https:\\\/\\\/aulasdeequitacao.com.br\\\/home\\\/#organization\",\"name\":\"Aulas de equita\u00e7\u00e3o\",\"url\":\"https:\\\/\\\/aulasdeequitacao.com.br\\\/home\\\/\",\"logo\":{\"@type\":\"ImageObject\",\"inLanguage\":\"pt-BR\",\"@id\":\"https:\\\/\\\/aulasdeequitacao.com.br\\\/home\\\/#\\\/schema\\\/logo\\\/image\\\/\",\"url\":\"https:\\\/\\\/aulasdeequitacao.com.br\\\/home\\\/wp-content\\\/uploads\\\/2024\\\/01\\\/cropped-logo-6.jpeg\",\"contentUrl\":\"https:\\\/\\\/aulasdeequitacao.com.br\\\/home\\\/wp-content\\\/uploads\\\/2024\\\/01\\\/cropped-logo-6.jpeg\",\"width\":512,\"height\":512,\"caption\":\"Aulas de equita\u00e7\u00e3o\"},\"image\":{\"@id\":\"https:\\\/\\\/aulasdeequitacao.com.br\\\/home\\\/#\\\/schema\\\/logo\\\/image\\\/\"},\"sameAs\":[\"https:\\\/\\\/www.facebook.com\\\/thatyaulas\\\/\",\"https:\\\/\\\/x.com\\\/AulasThatyEquit\",\"https:\\\/\\\/www.instagram.com\\\/thatyaulas\\\/\"]}]}<\/script>\n<!-- \/ Yoast SEO plugin. -->","yoast_head_json":{"title":"Dicas de como escolher a escola - Aulas de equita\u00e7\u00e3o","description":"As aulas de equita\u00e7\u00e3o t\u00eam um pre\u00e7o que varia conforme diversos fatores: instrutor, local, cavalo, cidade, dura\u00e7\u00e3o, veja mais dicas aqui...","robots":{"index":"index","follow":"follow","max-snippet":"max-snippet:-1","max-image-preview":"max-image-preview:large","max-video-preview":"max-video-preview:-1"},"canonical":"https:\/\/aulasdeequitacao.com.br\/home\/como-decidir-onde-fazer-aulas-de-equitacao\/","og_locale":"pt_BR","og_type":"article","og_title":"Dicas de como escolher a escola - Aulas de equita\u00e7\u00e3o","og_description":"As aulas de equita\u00e7\u00e3o t\u00eam um pre\u00e7o que varia conforme diversos fatores: instrutor, local, cavalo, cidade, dura\u00e7\u00e3o, veja mais dicas aqui...","og_url":"https:\/\/aulasdeequitacao.com.br\/home\/como-decidir-onde-fazer-aulas-de-equitacao\/","og_site_name":"Aulas de equita\u00e7\u00e3o","article_publisher":"https:\/\/www.facebook.com\/thatyaulas\/","article_modified_time":"2024-02-16T14:37:58+00:00","og_image":[{"width":1620,"height":1080,"url":"https:\/\/aulasdeequitacao.com.br\/home\/wp-content\/uploads\/2024\/01\/DSC_0113-2-Grande.jpg","type":"image\/jpeg"}],"twitter_card":"summary_large_image","twitter_site":"@AulasThatyEquit","twitter_misc":{"Est. tempo de leitura":"4 minutos"},"schema":{"@context":"https:\/\/schema.org","@graph":[{"@type":"WebPage","@id":"https:\/\/aulasdeequitacao.com.br\/home\/como-decidir-onde-fazer-aulas-de-equitacao\/","url":"https:\/\/aulasdeequitacao.com.br\/home\/como-decidir-onde-fazer-aulas-de-equitacao\/","name":"Dicas de como escolher a escola - Aulas de equita\u00e7\u00e3o","isPartOf":{"@id":"https:\/\/aulasdeequitacao.com.br\/home\/#website"},"primaryImageOfPage":{"@id":"https:\/\/aulasdeequitacao.com.br\/home\/como-decidir-onde-fazer-aulas-de-equitacao\/#primaryimage"},"image":{"@id":"https:\/\/aulasdeequitacao.com.br\/home\/como-decidir-onde-fazer-aulas-de-equitacao\/#primaryimage"},"thumbnailUrl":"https:\/\/aulasdeequitacao.com.br\/home\/wp-content\/uploads\/2024\/01\/DSC_0113-2-Grande.jpg","datePublished":"2024-01-26T19:08:50+00:00","dateModified":"2024-02-16T14:37:58+00:00","description":"As aulas de equita\u00e7\u00e3o t\u00eam um pre\u00e7o que varia conforme diversos fatores: instrutor, local, cavalo, cidade, dura\u00e7\u00e3o, veja mais dicas aqui...","inLanguage":"pt-BR","potentialAction":[{"@type":"ReadAction","target":["https:\/\/aulasdeequitacao.com.br\/home\/como-decidir-onde-fazer-aulas-de-equitacao\/"]}]},{"@type":"ImageObject","inLanguage":"pt-BR","@id":"https:\/\/aulasdeequitacao.com.br\/home\/como-decidir-onde-fazer-aulas-de-equitacao\/#primaryimage","url":"https:\/\/aulasdeequitacao.com.br\/home\/wp-content\/uploads\/2024\/01\/DSC_0113-2-Grande.jpg","contentUrl":"https:\/\/aulasdeequitacao.com.br\/home\/wp-content\/uploads\/2024\/01\/DSC_0113-2-Grande.jpg","width":1620,"height":1080},{"@type":"WebSite","@id":"https:\/\/aulasdeequitacao.com.br\/home\/#website","url":"https:\/\/aulasdeequitacao.com.br\/home\/","name":"Aulas de equita\u00e7\u00e3o","description":"Curso de equita\u00e7\u00e3o: aulas de equita\u00e7\u00e3o, como montar um cavalo, equita\u00e7\u00e3o para iniciantes, t\u00e9cnicas de equita\u00e7\u00e3o, aulas de hipismo e treinamento para competi\u00e7\u00f5es.","publisher":{"@id":"https:\/\/aulasdeequitacao.com.br\/home\/#organization"},"potentialAction":[{"@type":"SearchAction","target":{"@type":"EntryPoint","urlTemplate":"https:\/\/aulasdeequitacao.com.br\/home\/?s={search_term_string}"},"query-input":{"@type":"PropertyValueSpecification","valueRequired":true,"valueName":"search_term_string"}}],"inLanguage":"pt-BR"},{"@type":"Organization","@id":"https:\/\/aulasdeequitacao.com.br\/home\/#organization","name":"Aulas de equita\u00e7\u00e3o","url":"https:\/\/aulasdeequitacao.com.br\/home\/","logo":{"@type":"ImageObject","inLanguage":"pt-BR","@id":"https:\/\/aulasdeequitacao.com.br\/home\/#\/schema\/logo\/image\/","url":"https:\/\/aulasdeequitacao.com.br\/home\/wp-content\/uploads\/2024\/01\/cropped-logo-6.jpeg","contentUrl":"https:\/\/aulasdeequitacao.com.br\/home\/wp-content\/uploads\/2024\/01\/cropped-logo-6.jpeg","width":512,"height":512,"caption":"Aulas de equita\u00e7\u00e3o"},"image":{"@id":"https:\/\/aulasdeequitacao.com.br\/home\/#\/schema\/logo\/image\/"},"sameAs":["https:\/\/www.facebook.com\/thatyaulas\/","https:\/\/x.com\/AulasThatyEquit","https:\/\/www.instagram.com\/thatyaulas\/"]}]}},"_links":{"self":[{"href":"https:\/\/aulasdeequitacao.com.br\/home\/wp-json\/wp\/v2\/pages\/31","targetHints":{"allow":["GET"]}}],"collection":[{"href":"https:\/\/aulasdeequitacao.com.br\/home\/wp-json\/wp\/v2\/pages"}],"about":[{"href":"https:\/\/aulasdeequitacao.com.br\/home\/wp-json\/wp\/v2\/types\/page"}],"author":[{"embeddable":true,"href":"https:\/\/aulasdeequitacao.com.br\/home\/wp-json\/wp\/v2\/users\/2"}],"replies":[{"embeddable":true,"href":"https:\/\/aulasdeequitacao.com.br\/home\/wp-json\/wp\/v2\/comments?post=31"}],"version-history":[{"count":8,"href":"https:\/\/aulasdeequitacao.com.br\/home\/wp-json\/wp\/v2\/pages\/31\/revisions"}],"predecessor-version":[{"id":48,"href":"https:\/\/aulasdeequitacao.com.br\/home\/wp-json\/wp\/v2\/pages\/31\/revisions\/48"}],"wp:featuredmedia":[{"embeddable":true,"href":"https:\/\/aulasdeequitacao.com.br\/home\/wp-json\/wp\/v2\/media\/37"}],"wp:attachment":[{"href":"https:\/\/aulasdeequitacao.com.br\/home\/wp-json\/wp\/v2\/media?parent=31"}],"curies":[{"name":"wp","href":"https:\/\/api.w.org\/{rel}","templated":true}]}}