{"id":228,"date":"2024-02-16T14:20:13","date_gmt":"2024-02-16T14:20:13","guid":{"rendered":"https:\/\/aulasdeequitacao.com.br\/home\/?page_id=228"},"modified":"2024-08-09T16:56:52","modified_gmt":"2024-08-09T16:56:52","slug":"como-sao-as-aulas","status":"publish","type":"page","link":"https:\/\/aulasdeequitacao.com.br\/home\/como-sao-as-aulas\/","title":{"rendered":"Como s\u00e3o as aulas"},"content":{"rendered":"\n<h4><span style=\"font-weight: 400;\">Aulas avulsas ou plano de 4 aulas m\u00eas, em geral uma vez por semana, as aulas t\u00eam, em m\u00e9dia, dura\u00e7\u00e3o de 50 minutos, pois montar realmente \u00e9 uma atividade f\u00edsica intensa, as aulas podem ser agendadas para qualquer dia da semana, estamos abertos todos os dias. Outros planos podem ser estudados.<\/span><\/h4>\n\n\n\n<div class=\"wp-block-buttons is-vertical is-content-justification-center is-layout-flex wp-container-core-buttons-is-layout-35c5feb4 wp-block-buttons-is-layout-flex\">\n<div class=\"wp-block-button has-custom-width wp-block-button__width-75\"><a class=\"wp-block-button__link has-luminous-vivid-orange-to-vivid-red-gradient-background has-background wp-element-button\" href=\"https:\/\/aulasdeequitacao.com.br\/home\/aulas-de-equitacao-como-montar-cavalo-preco\/\" style=\"border-radius:100px\" target=\"_blank\" rel=\"noreferrer noopener\">Quanto custa<\/a><\/div>\n\n\n\n<div class=\"wp-block-button has-custom-width wp-block-button__width-75\"><a class=\"wp-block-button__link has-background wp-element-button\" href=\"https:\/\/aulasdeequitacao.com.br\/home\/onde-estamos-endereco-como-chegar\/\" style=\"background:linear-gradient(90deg,rgb(255,206,236) 0%,rgb(152,150,240) 100%)\" target=\"_blank\" rel=\"noreferrer noopener\">Endere\u00e7o, como chegar<\/a><\/div>\n\n\n\n<div class=\"wp-block-button has-custom-width wp-block-button__width-75\"><a class=\"wp-block-button__link has-vivid-cyan-blue-to-vivid-purple-gradient-background has-background has-text-align-center wp-element-button\" href=\"https:\/\/aulasdeequitacao.com.br\/home\/idade\/\" target=\"_blank\" rel=\"noreferrer noopener\">Idade<\/a><\/div>\n\n\n\n<div class=\"wp-block-button has-custom-width wp-block-button__width-75\"><a class=\"wp-block-button__link has-background wp-element-button\" href=\"https:\/\/aulasdeequitacao.com.br\/home\/dias-e-horarios\/\" style=\"background:linear-gradient(90deg,rgb(202,248,128) 0%,rgb(25,177,45) 100%)\" target=\"_blank\" rel=\"noreferrer noopener\">Dias e hor\u00e1rios<\/a><\/div>\n\n\n\n<div class=\"wp-block-button has-custom-width wp-block-button__width-75\"><a class=\"wp-block-button__link has-background wp-element-button\" href=\"https:\/\/aulasdeequitacao.com.br\/home\/fotos\/\" style=\"background:linear-gradient(135deg,rgb(252,185,0) 0%,rgb(255,105,0) 24%)\" target=\"_blank\" rel=\"noreferrer noopener\">Fotos<\/a><\/div>\n\n\n\n<div class=\"wp-block-button has-custom-width wp-block-button__width-75\"><a class=\"wp-block-button__link has-background wp-element-button\" href=\"https:\/\/www.google.com\/search?q=Aulas+de+Equita%C3%A7%C3%A3o+Thaty&amp;stick=H4sIAAAAAAAA_-NgU1I1qLA0SU41STUwNTS1SEtNtUizMqhIS0pJNU4zSDQwM09KNjdOXMQq5Viak1iskJKq4FpYmlmSeHj54cX5CiEZiSWVAI1Wo6JGAAAA&amp;hl=pt-BR&amp;mat=CbJxaqii3U_NElcB7PxHsXXMPiZ582Nui0so0tMdrvTtZa06Q1lp_r3IyeZZ4YJCqZ4keY8e_UueUsHVdZJfEk4Ie-43D85-QStHNtzWGDFf9TUnYC9XsO0CyW1o5h0HJOc&amp;authuser=0#mpd=~14794286991615357362\/customers\/reviews\" style=\"background:radial-gradient(rgb(2,3,129) 0%,rgb(40,116,252) 100%)\" target=\"_blank\" rel=\"noreferrer noopener\">Avali\u00e7\u00f5es<\/a><\/div>\n\n\n\n<div class=\"wp-block-button has-custom-width wp-block-button__width-75\"><a class=\"wp-block-button__link has-background wp-element-button\" href=\"https:\/\/aulasdeequitacao.com.br\/home\/ficha-de-inscricao-para-primeira-aula\/\" style=\"background:linear-gradient(253deg,rgb(6,147,227) 0%,rgb(170,167,172) 100%)\" target=\"_blank\" rel=\"noreferrer noopener\">Ficha de inscri\u00e7\u00e3o<\/a><\/div>\n\n\n\n<div class=\"wp-block-button has-custom-width wp-block-button__width-75\"><a class=\"wp-block-button__link has-background wp-element-button\" href=\"https:\/\/aulasdeequitacao.com.br\/home\/agendar-visita\/\" style=\"background:linear-gradient(135deg,rgb(252,185,0) 0%,rgb(255,105,0) 24%,rgba(56,10,10,0.78) 41%)\" target=\"_blank\" rel=\"noreferrer noopener\">Ficha de visita<\/a><\/div>\n<\/div>\n\n\n\n<p><span style=\"font-weight: 400; font-size: 14pt;\">As atividades das primeiras aulas dizem respeito \u00e0 adapta\u00e7\u00e3o com &#8220;montar um cavalo&#8221;, desenvolvimento da musculatura e t\u00e9cnicas para se equilibrar na sela, a idade m\u00ednima \u00e9 de 5 anos, o limite de idade depender\u00e1 da capacidade f\u00edsica, hoje no mundo existem pessoas de idade avan\u00e7ada que montam regularmente.<\/span><\/p>\n<p><span style=\"font-weight: 400;\">Inicialmente o cavalo \u00e9 escolhido conforme as informa\u00e7\u00f5es da ficha de inscri\u00e7\u00e3o, a posterior, o instrutor poder\u00e1 mudar, pois estar\u00e1 conhecendo melhor o aluno. \u00c9 fornecido capacete e, eventualmente, um colete de prote\u00e7\u00e3o.<\/span><\/p>\n<p>Apesar de haver, em certos hor\u00e1rios, mais de um aluno na pista, como o desenvolvimento \u00e9 individual, a aula ser\u00e1 conduzida com base em cada aluno.<\/p>\n<p><span style=\"font-weight: 400;\">No in\u00edcio, ser\u00e3o abordados conceitos b\u00e1sicos, pois cada cavalo tem sua personalidade, alguns necessitando ser &#8220;empurrados&#8221; e outros &#8220;contidos&#8221;. Portanto, o in\u00edcio \u00e9 uma combina\u00e7\u00e3o de entender como se monta e saber fazer o cavalo andar, muito parecido com aprender a dirigir e &#8220;trocar&#8221; as marchas.<\/span><\/p>\n<p><span style=\"font-weight: 400;\">Para se desenvolver na equita\u00e7\u00e3o, a pessoa ir\u00e1, basicamente, passar o tempo andando na pista durante a aula e trabalhando os conceitos, ou seja, aprender por repeti\u00e7\u00e3o, o que significa um esfor\u00e7o pessoal para colocar em pr\u00e1tica os conceitos.<\/span><\/p>\n<p><span style=\"font-weight: 400;\">\u00c0 medida que esses conceitos e habilidades forem se desenvolvendo, a aula ir\u00e1 evoluindo nos movimentos do cavalo, que inicialmente \u00e9 o passo.<\/span><\/p>\n<p><span style=\"font-weight: 400;\">A pr\u00f3xima etapa \u00e9 fazer o trote de forma correta, o que aumenta a atividade f\u00edsica do cavaleiro, demandando aprimoramento do condicionamento. Aqui j\u00e1 se aplicam novas t\u00e9cnicas para montar, de comandos, a sincroniza\u00e7\u00e3o do corpo com o movimento do cavalo.<\/span><\/p>\n<p><span style=\"font-weight: 400;\">Superado o trote, entramos no galope, que \u00e9 o objetivo de todos, um galope tranquilo e prazeroso. Para galopar, mais conceitos e t\u00e9cnicas ser\u00e3o aplicados, para que haja a conjun\u00e7\u00e3o do cavalo e cavaleiro.<\/span><\/p>\n<p><span style=\"font-weight: 400;\">A partir desse momento, sabe-se montar e agora j\u00e1 se pode decidir o que fazer: continuar as aulas em uma modalidade equestre ou apenas desfrutar do prazer de um bom galope.<\/span><\/p>\n<p><span style=\"font-weight: 400;\">Pergunta que n\u00e3o quer calar: quanto tempo para chegar a um galope prazeroso?<\/span><\/p>\n<p><span style=\"font-weight: 400;\">Isso varia de pessoa para pessoa, e aqui usarei um exemplo de duas irm\u00e3s: uma apaixonada por cavalos e outra que foi apenas para acompanhar e curtir. A que foi apenas para &#8220;curtir&#8221; estava galopando muito (mais muito) antes da apaixonada, portanto o tempo \u00e9 inerente a cada um.<\/span><\/p>\n\n\n","protected":false},"excerpt":{"rendered":"<p>Aulas avulsas ou plano de 4 aulas m\u00eas, em geral uma vez por semana, as aulas t\u00eam, em m\u00e9dia, dura\u00e7\u00e3o de 50 minutos, pois montar realmente &hellip;<\/p>\n","protected":false},"author":2,"featured_media":198,"parent":0,"menu_order":0,"comment_status":"closed","ping_status":"closed","template":"","meta":{"footnotes":""},"class_list":["post-228","page","type-page","status-publish","has-post-thumbnail","hentry"],"yoast_head":"<!-- This site is optimized with the Yoast SEO plugin v27.3 - https:\/\/yoast.com\/product\/yoast-seo-wordpress\/ -->\n<title>Como s\u00e3o as aulas - Aulas de equita\u00e7\u00e3o<\/title>\n<meta name=\"description\" content=\"As atividades das primeiras aulas dizem respeito \u00e0 adapta\u00e7\u00e3o com &quot;montar um cavalo&quot;, desenvolvimento da musculatura e t\u00e9cnicas para se equilibrar na sela.\" \/>\n<meta name=\"robots\" content=\"index, follow, max-snippet:-1, max-image-preview:large, max-video-preview:-1\" \/>\n<link rel=\"canonical\" href=\"https:\/\/aulasdeequitacao.com.br\/home\/como-sao-as-aulas\/\" \/>\n<meta property=\"og:locale\" content=\"pt_BR\" \/>\n<meta property=\"og:type\" content=\"article\" \/>\n<meta property=\"og:title\" content=\"Como s\u00e3o as aulas - Aulas de equita\u00e7\u00e3o\" \/>\n<meta property=\"og:description\" content=\"As atividades das primeiras aulas dizem respeito \u00e0 adapta\u00e7\u00e3o com &quot;montar um cavalo&quot;, desenvolvimento da musculatura e t\u00e9cnicas para se equilibrar na sela.\" \/>\n<meta property=\"og:url\" content=\"https:\/\/aulasdeequitacao.com.br\/home\/como-sao-as-aulas\/\" \/>\n<meta property=\"og:site_name\" content=\"Aulas de equita\u00e7\u00e3o\" \/>\n<meta property=\"article:publisher\" content=\"https:\/\/www.facebook.com\/thatyaulas\/\" \/>\n<meta property=\"article:modified_time\" content=\"2024-08-09T16:56:52+00:00\" \/>\n<meta property=\"og:image\" content=\"https:\/\/aulasdeequitacao.com.br\/home\/wp-content\/uploads\/2024\/02\/banner.jpg\" \/>\n\t<meta property=\"og:image:width\" content=\"1200\" \/>\n\t<meta property=\"og:image:height\" content=\"628\" \/>\n\t<meta property=\"og:image:type\" content=\"image\/jpeg\" \/>\n<meta name=\"twitter:card\" content=\"summary_large_image\" \/>\n<meta name=\"twitter:site\" content=\"@AulasThatyEquit\" \/>\n<meta name=\"twitter:label1\" content=\"Est. tempo de leitura\" \/>\n\t<meta name=\"twitter:data1\" content=\"3 minutos\" \/>\n<script type=\"application\/ld+json\" class=\"yoast-schema-graph\">{\"@context\":\"https:\\\/\\\/schema.org\",\"@graph\":[{\"@type\":\"WebPage\",\"@id\":\"https:\\\/\\\/aulasdeequitacao.com.br\\\/home\\\/como-sao-as-aulas\\\/\",\"url\":\"https:\\\/\\\/aulasdeequitacao.com.br\\\/home\\\/como-sao-as-aulas\\\/\",\"name\":\"Como s\u00e3o as aulas - Aulas de equita\u00e7\u00e3o\",\"isPartOf\":{\"@id\":\"https:\\\/\\\/aulasdeequitacao.com.br\\\/home\\\/#website\"},\"primaryImageOfPage\":{\"@id\":\"https:\\\/\\\/aulasdeequitacao.com.br\\\/home\\\/como-sao-as-aulas\\\/#primaryimage\"},\"image\":{\"@id\":\"https:\\\/\\\/aulasdeequitacao.com.br\\\/home\\\/como-sao-as-aulas\\\/#primaryimage\"},\"thumbnailUrl\":\"https:\\\/\\\/aulasdeequitacao.com.br\\\/home\\\/wp-content\\\/uploads\\\/2024\\\/02\\\/banner.jpg\",\"datePublished\":\"2024-02-16T14:20:13+00:00\",\"dateModified\":\"2024-08-09T16:56:52+00:00\",\"description\":\"As atividades das primeiras aulas dizem respeito \u00e0 adapta\u00e7\u00e3o com \\\"montar um cavalo\\\", desenvolvimento da musculatura e t\u00e9cnicas para se equilibrar na sela.\",\"inLanguage\":\"pt-BR\",\"potentialAction\":[{\"@type\":\"ReadAction\",\"target\":[\"https:\\\/\\\/aulasdeequitacao.com.br\\\/home\\\/como-sao-as-aulas\\\/\"]}]},{\"@type\":\"ImageObject\",\"inLanguage\":\"pt-BR\",\"@id\":\"https:\\\/\\\/aulasdeequitacao.com.br\\\/home\\\/como-sao-as-aulas\\\/#primaryimage\",\"url\":\"https:\\\/\\\/aulasdeequitacao.com.br\\\/home\\\/wp-content\\\/uploads\\\/2024\\\/02\\\/banner.jpg\",\"contentUrl\":\"https:\\\/\\\/aulasdeequitacao.com.br\\\/home\\\/wp-content\\\/uploads\\\/2024\\\/02\\\/banner.jpg\",\"width\":1200,\"height\":628},{\"@type\":\"WebSite\",\"@id\":\"https:\\\/\\\/aulasdeequitacao.com.br\\\/home\\\/#website\",\"url\":\"https:\\\/\\\/aulasdeequitacao.com.br\\\/home\\\/\",\"name\":\"Aulas de equita\u00e7\u00e3o\",\"description\":\"Curso de equita\u00e7\u00e3o: aulas de equita\u00e7\u00e3o, como montar um cavalo, equita\u00e7\u00e3o para iniciantes, t\u00e9cnicas de equita\u00e7\u00e3o, aulas de hipismo e treinamento para competi\u00e7\u00f5es.\",\"publisher\":{\"@id\":\"https:\\\/\\\/aulasdeequitacao.com.br\\\/home\\\/#organization\"},\"potentialAction\":[{\"@type\":\"SearchAction\",\"target\":{\"@type\":\"EntryPoint\",\"urlTemplate\":\"https:\\\/\\\/aulasdeequitacao.com.br\\\/home\\\/?s={search_term_string}\"},\"query-input\":{\"@type\":\"PropertyValueSpecification\",\"valueRequired\":true,\"valueName\":\"search_term_string\"}}],\"inLanguage\":\"pt-BR\"},{\"@type\":\"Organization\",\"@id\":\"https:\\\/\\\/aulasdeequitacao.com.br\\\/home\\\/#organization\",\"name\":\"Aulas de equita\u00e7\u00e3o\",\"url\":\"https:\\\/\\\/aulasdeequitacao.com.br\\\/home\\\/\",\"logo\":{\"@type\":\"ImageObject\",\"inLanguage\":\"pt-BR\",\"@id\":\"https:\\\/\\\/aulasdeequitacao.com.br\\\/home\\\/#\\\/schema\\\/logo\\\/image\\\/\",\"url\":\"https:\\\/\\\/aulasdeequitacao.com.br\\\/home\\\/wp-content\\\/uploads\\\/2024\\\/01\\\/cropped-logo-6.jpeg\",\"contentUrl\":\"https:\\\/\\\/aulasdeequitacao.com.br\\\/home\\\/wp-content\\\/uploads\\\/2024\\\/01\\\/cropped-logo-6.jpeg\",\"width\":512,\"height\":512,\"caption\":\"Aulas de equita\u00e7\u00e3o\"},\"image\":{\"@id\":\"https:\\\/\\\/aulasdeequitacao.com.br\\\/home\\\/#\\\/schema\\\/logo\\\/image\\\/\"},\"sameAs\":[\"https:\\\/\\\/www.facebook.com\\\/thatyaulas\\\/\",\"https:\\\/\\\/x.com\\\/AulasThatyEquit\",\"https:\\\/\\\/www.instagram.com\\\/thatyaulas\\\/\"]}]}<\/script>\n<!-- \/ Yoast SEO plugin. -->","yoast_head_json":{"title":"Como s\u00e3o as aulas - Aulas de equita\u00e7\u00e3o","description":"As atividades das primeiras aulas dizem respeito \u00e0 adapta\u00e7\u00e3o com \"montar um cavalo\", desenvolvimento da musculatura e t\u00e9cnicas para se equilibrar na sela.","robots":{"index":"index","follow":"follow","max-snippet":"max-snippet:-1","max-image-preview":"max-image-preview:large","max-video-preview":"max-video-preview:-1"},"canonical":"https:\/\/aulasdeequitacao.com.br\/home\/como-sao-as-aulas\/","og_locale":"pt_BR","og_type":"article","og_title":"Como s\u00e3o as aulas - Aulas de equita\u00e7\u00e3o","og_description":"As atividades das primeiras aulas dizem respeito \u00e0 adapta\u00e7\u00e3o com \"montar um cavalo\", desenvolvimento da musculatura e t\u00e9cnicas para se equilibrar na sela.","og_url":"https:\/\/aulasdeequitacao.com.br\/home\/como-sao-as-aulas\/","og_site_name":"Aulas de equita\u00e7\u00e3o","article_publisher":"https:\/\/www.facebook.com\/thatyaulas\/","article_modified_time":"2024-08-09T16:56:52+00:00","og_image":[{"width":1200,"height":628,"url":"https:\/\/aulasdeequitacao.com.br\/home\/wp-content\/uploads\/2024\/02\/banner.jpg","type":"image\/jpeg"}],"twitter_card":"summary_large_image","twitter_site":"@AulasThatyEquit","twitter_misc":{"Est. tempo de leitura":"3 minutos"},"schema":{"@context":"https:\/\/schema.org","@graph":[{"@type":"WebPage","@id":"https:\/\/aulasdeequitacao.com.br\/home\/como-sao-as-aulas\/","url":"https:\/\/aulasdeequitacao.com.br\/home\/como-sao-as-aulas\/","name":"Como s\u00e3o as aulas - Aulas de equita\u00e7\u00e3o","isPartOf":{"@id":"https:\/\/aulasdeequitacao.com.br\/home\/#website"},"primaryImageOfPage":{"@id":"https:\/\/aulasdeequitacao.com.br\/home\/como-sao-as-aulas\/#primaryimage"},"image":{"@id":"https:\/\/aulasdeequitacao.com.br\/home\/como-sao-as-aulas\/#primaryimage"},"thumbnailUrl":"https:\/\/aulasdeequitacao.com.br\/home\/wp-content\/uploads\/2024\/02\/banner.jpg","datePublished":"2024-02-16T14:20:13+00:00","dateModified":"2024-08-09T16:56:52+00:00","description":"As atividades das primeiras aulas dizem respeito \u00e0 adapta\u00e7\u00e3o com \"montar um cavalo\", desenvolvimento da musculatura e t\u00e9cnicas para se equilibrar na sela.","inLanguage":"pt-BR","potentialAction":[{"@type":"ReadAction","target":["https:\/\/aulasdeequitacao.com.br\/home\/como-sao-as-aulas\/"]}]},{"@type":"ImageObject","inLanguage":"pt-BR","@id":"https:\/\/aulasdeequitacao.com.br\/home\/como-sao-as-aulas\/#primaryimage","url":"https:\/\/aulasdeequitacao.com.br\/home\/wp-content\/uploads\/2024\/02\/banner.jpg","contentUrl":"https:\/\/aulasdeequitacao.com.br\/home\/wp-content\/uploads\/2024\/02\/banner.jpg","width":1200,"height":628},{"@type":"WebSite","@id":"https:\/\/aulasdeequitacao.com.br\/home\/#website","url":"https:\/\/aulasdeequitacao.com.br\/home\/","name":"Aulas de equita\u00e7\u00e3o","description":"Curso de equita\u00e7\u00e3o: aulas de equita\u00e7\u00e3o, como montar um cavalo, equita\u00e7\u00e3o para iniciantes, t\u00e9cnicas de equita\u00e7\u00e3o, aulas de hipismo e treinamento para competi\u00e7\u00f5es.","publisher":{"@id":"https:\/\/aulasdeequitacao.com.br\/home\/#organization"},"potentialAction":[{"@type":"SearchAction","target":{"@type":"EntryPoint","urlTemplate":"https:\/\/aulasdeequitacao.com.br\/home\/?s={search_term_string}"},"query-input":{"@type":"PropertyValueSpecification","valueRequired":true,"valueName":"search_term_string"}}],"inLanguage":"pt-BR"},{"@type":"Organization","@id":"https:\/\/aulasdeequitacao.com.br\/home\/#organization","name":"Aulas de equita\u00e7\u00e3o","url":"https:\/\/aulasdeequitacao.com.br\/home\/","logo":{"@type":"ImageObject","inLanguage":"pt-BR","@id":"https:\/\/aulasdeequitacao.com.br\/home\/#\/schema\/logo\/image\/","url":"https:\/\/aulasdeequitacao.com.br\/home\/wp-content\/uploads\/2024\/01\/cropped-logo-6.jpeg","contentUrl":"https:\/\/aulasdeequitacao.com.br\/home\/wp-content\/uploads\/2024\/01\/cropped-logo-6.jpeg","width":512,"height":512,"caption":"Aulas de equita\u00e7\u00e3o"},"image":{"@id":"https:\/\/aulasdeequitacao.com.br\/home\/#\/schema\/logo\/image\/"},"sameAs":["https:\/\/www.facebook.com\/thatyaulas\/","https:\/\/x.com\/AulasThatyEquit","https:\/\/www.instagram.com\/thatyaulas\/"]}]}},"_links":{"self":[{"href":"https:\/\/aulasdeequitacao.com.br\/home\/wp-json\/wp\/v2\/pages\/228","targetHints":{"allow":["GET"]}}],"collection":[{"href":"https:\/\/aulasdeequitacao.com.br\/home\/wp-json\/wp\/v2\/pages"}],"about":[{"href":"https:\/\/aulasdeequitacao.com.br\/home\/wp-json\/wp\/v2\/types\/page"}],"author":[{"embeddable":true,"href":"https:\/\/aulasdeequitacao.com.br\/home\/wp-json\/wp\/v2\/users\/2"}],"replies":[{"embeddable":true,"href":"https:\/\/aulasdeequitacao.com.br\/home\/wp-json\/wp\/v2\/comments?post=228"}],"version-history":[{"count":23,"href":"https:\/\/aulasdeequitacao.com.br\/home\/wp-json\/wp\/v2\/pages\/228\/revisions"}],"predecessor-version":[{"id":501,"href":"https:\/\/aulasdeequitacao.com.br\/home\/wp-json\/wp\/v2\/pages\/228\/revisions\/501"}],"wp:featuredmedia":[{"embeddable":true,"href":"https:\/\/aulasdeequitacao.com.br\/home\/wp-json\/wp\/v2\/media\/198"}],"wp:attachment":[{"href":"https:\/\/aulasdeequitacao.com.br\/home\/wp-json\/wp\/v2\/media?parent=228"}],"curies":[{"name":"wp","href":"https:\/\/api.w.org\/{rel}","templated":true}]}}